{"id":4574,"date":"2024-02-16T21:40:07","date_gmt":"2024-02-16T21:40:07","guid":{"rendered":"https:\/\/implosivo.uy\/home\/?page_id=4574"},"modified":"2025-02-04T20:13:50","modified_gmt":"2025-02-04T20:13:50","slug":"formacion-actoral-2024","status":"publish","type":"page","link":"https:\/\/implosivo.uy\/home\/formacion-actoral-2024\/","title":{"rendered":"Formaci\u00f3n Actoral 2024"},"content":{"rendered":"<p><img data-recalc-dims=\"1\" loading=\"lazy\" decoding=\"async\" class=\"alignnone size-full wp-image-4575\" src=\"https:\/\/i0.wp.com\/implosivo.uy\/wp-content\/uploads\/2024\/02\/formacion-actoral-2024.jpg?resize=800%2C531\" alt=\"\" width=\"800\" height=\"531\" srcset=\"http:\/\/implosivo.uy\/wp-content\/uploads\/2024\/02\/formacion-actoral-2024.jpg 800w, http:\/\/implosivo.uy\/wp-content\/uploads\/2024\/02\/formacion-actoral-2024-480x319.jpg 480w\" sizes=\"auto, (min-width: 0px) and (max-width: 480px) 480px, (min-width: 481px) 800px, 100vw\" \/><\/p>\n<p><span style=\"color: #ff00ff;\"><strong>\u00bfTE GUSTAR\u00cdA GENERAR UN IMPACTO EN LA GENTE Y EN LA SOCIEDAD?<\/strong><\/span><\/p>\n<p>\u00a1Sumate a nuestras clases de teatro y formate como actor o actriz!<\/p>\n<p>\u00bfTe gusta ver espect\u00e1culos que te atraviesan, de los que sal\u00eds pensando? Vos podr\u00edas estar arriba de ese escenario transformando a las personas en el p\u00fablico.<\/p>\n<p>Podemos ayudarte a conocerte como artista y descubrir tus herramientas para crear personajes y espect\u00e1culos que dejen una huella. Te proponemos que te desaf\u00edes, que encuentres qu\u00e9 quer\u00e9s decir y puedas llevarlo al escenario.<\/p>\n<p>Explot\u00e1 tu ser creador. Divertirte, en un espacio sin que nadie te juzgue, expresando tus emociones, creando confianza y haciendo emocionar a los dem\u00e1s. \u00bfTe gustar\u00eda?<\/p>\n<p>Durante 6 horas semanales, vas a encontrarte con desaf\u00edos para desarrollar tus herramientas creativas. Pronto estar\u00e1s creando personajes que hoy est\u00e1n guardados en tu interior.<\/p>\n<p>Somos una escuela \u00fanica en Montevideo, la\u00a0 formaci\u00f3n tiene 25 cupos.<\/p>\n<p>Animate a crear.<\/p>\n<p>Inscribite haciendo clic\u00a0<a href=\"https:\/\/wa.me\/59891807822?text=Hola%20me%20interesa%20recibir%20info%20sobre%20la%20formaci\u00f3n%20actoral\" target=\"_blank\" rel=\"noopener\">aqu\u00ed.<\/a><\/p>\n<p>Si quer\u00e9s conocer la informaci\u00f3n t\u00e9cnica de la carrera pod\u00e9s acceder <a href=\"https:\/\/implosivo.uy\/home\/escuela-de-teatro\/\">ac\u00e1.<\/a><\/p>\n","protected":false},"excerpt":{"rendered":"<p>\u00bfTE GUSTAR\u00cdA GENERAR UN IMPACTO EN LA GENTE Y EN LA SOCIEDAD? \u00a1Sumate a nuestras clases de teatro y formate como actor o actriz! \u00bfTe gusta ver espect\u00e1culos que te atraviesan, de los que sal\u00eds pensando? Vos podr\u00edas estar arriba de ese escenario transformando a las personas en el p\u00fablico. Podemos ayudarte a conocerte como [&hellip;]<\/p>\n","protected":false},"author":1,"featured_media":4575,"parent":0,"menu_order":0,"comment_status":"closed","ping_status":"closed","template":"","meta":{"_et_pb_use_builder":"","_et_pb_old_content":"","_et_gb_content_width":"","footnotes":""},"categories":[15],"tags":[49,42,61,53,24,55,69,62,50,39,43,51,57,56,48,58,60],"class_list":["post-4574","page","type-page","status-publish","has-post-thumbnail","hentry","category-formacion","tag-actuacion","tag-actuar","tag-arte-dramatico","tag-artes-escenicas","tag-carrera-de-actuacion-profesional","tag-clases-de-teatro","tag-escuela-de-teatro","tag-estudiar-actuacion","tag-estudiar-teatro","tag-formacion","tag-formacion-actoral","tag-obras","tag-taller-de-actuacion","tag-taller-de-teatro","tag-teatro","tag-teatro-contemporaneo","tag-teatro-laboratorio"],"yoast_head":"<!-- This site is optimized with the Yoast SEO plugin v26.8 - https:\/\/yoast.com\/product\/yoast-seo-wordpress\/ -->\n<title>Formaci\u00f3n Actoral 2024 - Implosivo Instituto de Actuaci\u00f3n<\/title>\n<meta name=\"robots\" content=\"index, follow, max-snippet:-1, max-image-preview:large, max-video-preview:-1\" \/>\n<link rel=\"canonical\" href=\"https:\/\/implosivo.uy\/home\/formacion-actoral-2024\/\" \/>\n<meta property=\"og:locale\" content=\"es_ES\" \/>\n<meta property=\"og:type\" content=\"article\" \/>\n<meta property=\"og:title\" content=\"Formaci\u00f3n Actoral 2024 - Implosivo Instituto de Actuaci\u00f3n\" \/>\n<meta property=\"og:description\" content=\"\u00bfTE GUSTAR\u00cdA GENERAR UN IMPACTO EN LA GENTE Y EN LA SOCIEDAD? \u00a1Sumate a nuestras clases de teatro y formate como actor o actriz! \u00bfTe gusta ver espect\u00e1culos que te atraviesan, de los que sal\u00eds pensando? Vos podr\u00edas estar arriba de ese escenario transformando a las personas en el p\u00fablico. Podemos ayudarte a conocerte como [&hellip;]\" \/>\n<meta property=\"og:url\" content=\"https:\/\/implosivo.uy\/home\/formacion-actoral-2024\/\" \/>\n<meta property=\"og:site_name\" content=\"Implosivo Instituto de Actuaci\u00f3n\" \/>\n<meta property=\"article:publisher\" content=\"https:\/\/www.facebook.com\/implosivo\" \/>\n<meta property=\"article:modified_time\" content=\"2025-02-04T20:13:50+00:00\" \/>\n<meta property=\"og:image\" content=\"http:\/\/implosivo.uy\/wp-content\/uploads\/2024\/02\/formacion-actoral-2024.jpg\" \/>\n\t<meta property=\"og:image:width\" content=\"800\" \/>\n\t<meta property=\"og:image:height\" content=\"531\" \/>\n\t<meta property=\"og:image:type\" content=\"image\/jpeg\" \/>\n<meta name=\"twitter:card\" content=\"summary_large_image\" \/>\n<meta name=\"twitter:site\" content=\"@ImplosivoTeatro\" \/>\n<script type=\"application\/ld+json\" class=\"yoast-schema-graph\">{\"@context\":\"https:\/\/schema.org\",\"@graph\":[{\"@type\":\"WebPage\",\"@id\":\"https:\/\/implosivo.uy\/home\/formacion-actoral-2024\/\",\"url\":\"https:\/\/implosivo.uy\/home\/formacion-actoral-2024\/\",\"name\":\"Formaci\u00f3n Actoral 2024 - Implosivo Instituto de Actuaci\u00f3n\",\"isPartOf\":{\"@id\":\"https:\/\/implosivo.uy\/home\/#website\"},\"primaryImageOfPage\":{\"@id\":\"https:\/\/implosivo.uy\/home\/formacion-actoral-2024\/#primaryimage\"},\"image\":{\"@id\":\"https:\/\/implosivo.uy\/home\/formacion-actoral-2024\/#primaryimage\"},\"thumbnailUrl\":\"https:\/\/i0.wp.com\/implosivo.uy\/wp-content\/uploads\/2024\/02\/formacion-actoral-2024.jpg?fit=800%2C531&ssl=1\",\"datePublished\":\"2024-02-16T21:40:07+00:00\",\"dateModified\":\"2025-02-04T20:13:50+00:00\",\"breadcrumb\":{\"@id\":\"https:\/\/implosivo.uy\/home\/formacion-actoral-2024\/#breadcrumb\"},\"inLanguage\":\"es\",\"potentialAction\":[{\"@type\":\"ReadAction\",\"target\":[\"https:\/\/implosivo.uy\/home\/formacion-actoral-2024\/\"]}]},{\"@type\":\"ImageObject\",\"inLanguage\":\"es\",\"@id\":\"https:\/\/implosivo.uy\/home\/formacion-actoral-2024\/#primaryimage\",\"url\":\"https:\/\/i0.wp.com\/implosivo.uy\/wp-content\/uploads\/2024\/02\/formacion-actoral-2024.jpg?fit=800%2C531&ssl=1\",\"contentUrl\":\"https:\/\/i0.wp.com\/implosivo.uy\/wp-content\/uploads\/2024\/02\/formacion-actoral-2024.jpg?fit=800%2C531&ssl=1\",\"width\":800,\"height\":531,\"caption\":\"Formacion actoral 2024\"},{\"@type\":\"BreadcrumbList\",\"@id\":\"https:\/\/implosivo.uy\/home\/formacion-actoral-2024\/#breadcrumb\",\"itemListElement\":[{\"@type\":\"ListItem\",\"position\":1,\"name\":\"Portada\",\"item\":\"https:\/\/implosivo.uy\/home\/\"},{\"@type\":\"ListItem\",\"position\":2,\"name\":\"Formaci\u00f3n Actoral 2024\"}]},{\"@type\":\"WebSite\",\"@id\":\"https:\/\/implosivo.uy\/home\/#website\",\"url\":\"https:\/\/implosivo.uy\/home\/\",\"name\":\"Implosivo Escuela de Teatro Profesional\",\"description\":\"Escuela de teatro - formaci\u00f3n de actores\",\"publisher\":{\"@id\":\"https:\/\/implosivo.uy\/home\/#organization\"},\"potentialAction\":[{\"@type\":\"SearchAction\",\"target\":{\"@type\":\"EntryPoint\",\"urlTemplate\":\"https:\/\/implosivo.uy\/home\/?s={search_term_string}\"},\"query-input\":{\"@type\":\"PropertyValueSpecification\",\"valueRequired\":true,\"valueName\":\"search_term_string\"}}],\"inLanguage\":\"es\"},{\"@type\":\"Organization\",\"@id\":\"https:\/\/implosivo.uy\/home\/#organization\",\"name\":\"Implosivo Escuela de Teatro Profesional\",\"url\":\"https:\/\/implosivo.uy\/home\/\",\"logo\":{\"@type\":\"ImageObject\",\"inLanguage\":\"es\",\"@id\":\"https:\/\/implosivo.uy\/home\/#\/schema\/logo\/image\/\",\"url\":\"https:\/\/i0.wp.com\/implosivo.uy\/wp-content\/uploads\/2022\/01\/cropped-LOGO-IMPLOSIVO-Chico.png?fit=512%2C512&ssl=1\",\"contentUrl\":\"https:\/\/i0.wp.com\/implosivo.uy\/wp-content\/uploads\/2022\/01\/cropped-LOGO-IMPLOSIVO-Chico.png?fit=512%2C512&ssl=1\",\"width\":512,\"height\":512,\"caption\":\"Implosivo Escuela de Teatro Profesional\"},\"image\":{\"@id\":\"https:\/\/implosivo.uy\/home\/#\/schema\/logo\/image\/\"},\"sameAs\":[\"https:\/\/www.facebook.com\/implosivo\",\"https:\/\/x.com\/ImplosivoTeatro\",\"https:\/\/www.instagram.com\/implosivo.uy\/\",\"https:\/\/www.youtube.com\/channel\/UCGvo7xXVqnkuaVcPXxZPZBQ\"]}]}<\/script>\n<!-- \/ Yoast SEO plugin. -->","yoast_head_json":{"title":"Formaci\u00f3n Actoral 2024 - Implosivo Instituto de Actuaci\u00f3n","robots":{"index":"index","follow":"follow","max-snippet":"max-snippet:-1","max-image-preview":"max-image-preview:large","max-video-preview":"max-video-preview:-1"},"canonical":"https:\/\/implosivo.uy\/home\/formacion-actoral-2024\/","og_locale":"es_ES","og_type":"article","og_title":"Formaci\u00f3n Actoral 2024 - Implosivo Instituto de Actuaci\u00f3n","og_description":"\u00bfTE GUSTAR\u00cdA GENERAR UN IMPACTO EN LA GENTE Y EN LA SOCIEDAD? \u00a1Sumate a nuestras clases de teatro y formate como actor o actriz! \u00bfTe gusta ver espect\u00e1culos que te atraviesan, de los que sal\u00eds pensando? Vos podr\u00edas estar arriba de ese escenario transformando a las personas en el p\u00fablico. Podemos ayudarte a conocerte como [&hellip;]","og_url":"https:\/\/implosivo.uy\/home\/formacion-actoral-2024\/","og_site_name":"Implosivo Instituto de Actuaci\u00f3n","article_publisher":"https:\/\/www.facebook.com\/implosivo","article_modified_time":"2025-02-04T20:13:50+00:00","og_image":[{"width":800,"height":531,"url":"http:\/\/implosivo.uy\/wp-content\/uploads\/2024\/02\/formacion-actoral-2024.jpg","type":"image\/jpeg"}],"twitter_card":"summary_large_image","twitter_site":"@ImplosivoTeatro","schema":{"@context":"https:\/\/schema.org","@graph":[{"@type":"WebPage","@id":"https:\/\/implosivo.uy\/home\/formacion-actoral-2024\/","url":"https:\/\/implosivo.uy\/home\/formacion-actoral-2024\/","name":"Formaci\u00f3n Actoral 2024 - Implosivo Instituto de Actuaci\u00f3n","isPartOf":{"@id":"https:\/\/implosivo.uy\/home\/#website"},"primaryImageOfPage":{"@id":"https:\/\/implosivo.uy\/home\/formacion-actoral-2024\/#primaryimage"},"image":{"@id":"https:\/\/implosivo.uy\/home\/formacion-actoral-2024\/#primaryimage"},"thumbnailUrl":"https:\/\/i0.wp.com\/implosivo.uy\/wp-content\/uploads\/2024\/02\/formacion-actoral-2024.jpg?fit=800%2C531&ssl=1","datePublished":"2024-02-16T21:40:07+00:00","dateModified":"2025-02-04T20:13:50+00:00","breadcrumb":{"@id":"https:\/\/implosivo.uy\/home\/formacion-actoral-2024\/#breadcrumb"},"inLanguage":"es","potentialAction":[{"@type":"ReadAction","target":["https:\/\/implosivo.uy\/home\/formacion-actoral-2024\/"]}]},{"@type":"ImageObject","inLanguage":"es","@id":"https:\/\/implosivo.uy\/home\/formacion-actoral-2024\/#primaryimage","url":"https:\/\/i0.wp.com\/implosivo.uy\/wp-content\/uploads\/2024\/02\/formacion-actoral-2024.jpg?fit=800%2C531&ssl=1","contentUrl":"https:\/\/i0.wp.com\/implosivo.uy\/wp-content\/uploads\/2024\/02\/formacion-actoral-2024.jpg?fit=800%2C531&ssl=1","width":800,"height":531,"caption":"Formacion actoral 2024"},{"@type":"BreadcrumbList","@id":"https:\/\/implosivo.uy\/home\/formacion-actoral-2024\/#breadcrumb","itemListElement":[{"@type":"ListItem","position":1,"name":"Portada","item":"https:\/\/implosivo.uy\/home\/"},{"@type":"ListItem","position":2,"name":"Formaci\u00f3n Actoral 2024"}]},{"@type":"WebSite","@id":"https:\/\/implosivo.uy\/home\/#website","url":"https:\/\/implosivo.uy\/home\/","name":"Implosivo Escuela de Teatro Profesional","description":"Escuela de teatro - formaci\u00f3n de actores","publisher":{"@id":"https:\/\/implosivo.uy\/home\/#organization"},"potentialAction":[{"@type":"SearchAction","target":{"@type":"EntryPoint","urlTemplate":"https:\/\/implosivo.uy\/home\/?s={search_term_string}"},"query-input":{"@type":"PropertyValueSpecification","valueRequired":true,"valueName":"search_term_string"}}],"inLanguage":"es"},{"@type":"Organization","@id":"https:\/\/implosivo.uy\/home\/#organization","name":"Implosivo Escuela de Teatro Profesional","url":"https:\/\/implosivo.uy\/home\/","logo":{"@type":"ImageObject","inLanguage":"es","@id":"https:\/\/implosivo.uy\/home\/#\/schema\/logo\/image\/","url":"https:\/\/i0.wp.com\/implosivo.uy\/wp-content\/uploads\/2022\/01\/cropped-LOGO-IMPLOSIVO-Chico.png?fit=512%2C512&ssl=1","contentUrl":"https:\/\/i0.wp.com\/implosivo.uy\/wp-content\/uploads\/2022\/01\/cropped-LOGO-IMPLOSIVO-Chico.png?fit=512%2C512&ssl=1","width":512,"height":512,"caption":"Implosivo Escuela de Teatro Profesional"},"image":{"@id":"https:\/\/implosivo.uy\/home\/#\/schema\/logo\/image\/"},"sameAs":["https:\/\/www.facebook.com\/implosivo","https:\/\/x.com\/ImplosivoTeatro","https:\/\/www.instagram.com\/implosivo.uy\/","https:\/\/www.youtube.com\/channel\/UCGvo7xXVqnkuaVcPXxZPZBQ"]}]}},"jetpack_sharing_enabled":true,"_links":{"self":[{"href":"https:\/\/implosivo.uy\/home\/wp-json\/wp\/v2\/pages\/4574","targetHints":{"allow":["GET"]}}],"collection":[{"href":"https:\/\/implosivo.uy\/home\/wp-json\/wp\/v2\/pages"}],"about":[{"href":"https:\/\/implosivo.uy\/home\/wp-json\/wp\/v2\/types\/page"}],"author":[{"embeddable":true,"href":"https:\/\/implosivo.uy\/home\/wp-json\/wp\/v2\/users\/1"}],"replies":[{"embeddable":true,"href":"https:\/\/implosivo.uy\/home\/wp-json\/wp\/v2\/comments?post=4574"}],"version-history":[{"count":2,"href":"https:\/\/implosivo.uy\/home\/wp-json\/wp\/v2\/pages\/4574\/revisions"}],"predecessor-version":[{"id":5867,"href":"https:\/\/implosivo.uy\/home\/wp-json\/wp\/v2\/pages\/4574\/revisions\/5867"}],"wp:featuredmedia":[{"embeddable":true,"href":"https:\/\/implosivo.uy\/home\/wp-json\/wp\/v2\/media\/4575"}],"wp:attachment":[{"href":"https:\/\/implosivo.uy\/home\/wp-json\/wp\/v2\/media?parent=4574"}],"wp:term":[{"taxonomy":"category","embeddable":true,"href":"https:\/\/implosivo.uy\/home\/wp-json\/wp\/v2\/categories?post=4574"},{"taxonomy":"post_tag","embeddable":true,"href":"https:\/\/implosivo.uy\/home\/wp-json\/wp\/v2\/tags?post=4574"}],"curies":[{"name":"wp","href":"https:\/\/api.w.org\/{rel}","templated":true}]}}