{"id":2804,"date":"2021-11-30T02:46:03","date_gmt":"2021-11-30T02:46:03","guid":{"rendered":"http:\/\/implosivo.uy\/home\/?page_id=2804"},"modified":"2025-02-04T20:30:32","modified_gmt":"2025-02-04T20:30:32","slug":"workshops","status":"publish","type":"page","link":"https:\/\/implosivo.uy\/home\/clases-de-teatro-formacion-actoral-profesional\/workshops\/","title":{"rendered":"workshops"},"content":{"rendered":"<p>[et_pb_section fb_built=\u00bb1&#8243; _builder_version=\u00bb4.16&#8243; _module_preset=\u00bbdefault\u00bb background_color=\u00bb#dcdfe0&#8243; bottom_divider_style=\u00bbarrow3&#8243; bottom_divider_color=\u00bbrgba(229,0,124,0.5)\u00bb bottom_divider_height=\u00bb160px\u00bb bottom_divider_repeat=\u00bb1x\u00bb bottom_divider_flip=\u00bbvertical|horizontal\u00bb collapsed=\u00bbon\u00bb global_colors_info=\u00bb{}\u00bb][et_pb_row _builder_version=\u00bb4.16&#8243; _module_preset=\u00bbdefault\u00bb animation_style=\u00bbslide\u00bb animation_direction=\u00bbtop\u00bb global_colors_info=\u00bb{}\u00bb][et_pb_column type=\u00bb4_4&#8243; _builder_version=\u00bb4.16&#8243; _module_preset=\u00bbdefault\u00bb global_colors_info=\u00bb{}\u00bb][et_pb_text _builder_version=\u00bb4.16&#8243; _module_preset=\u00bbdefault\u00bb text_font=\u00bb|800|||||||\u00bb text_text_color=\u00bb#e5007c\u00bb text_font_size=\u00bb51px\u00bb text_line_height=\u00bb1em\u00bb text_orientation=\u00bbcenter\u00bb min_height=\u00bb45px\u00bb animation_style=\u00bbslide\u00bb animation_direction=\u00bbtop\u00bb text_font_size_tablet=\u00bb50px\u00bb text_font_size_phone=\u00bb33px\u00bb text_font_size_last_edited=\u00bbon|desktop\u00bb global_colors_info=\u00bb{}\u00bb]<\/p>\n<p><b>Workshops <\/b><\/p>\n<p><b>Maestros Internacionales<\/b><\/p>\n<p>[\/et_pb_text][\/et_pb_column][\/et_pb_row][et_pb_row _builder_version=\u00bb4.16&#8243; _module_preset=\u00bbdefault\u00bb collapsed=\u00bboff\u00bb global_colors_info=\u00bb{}\u00bb][et_pb_column type=\u00bb4_4&#8243; _builder_version=\u00bb4.16&#8243; _module_preset=\u00bbdefault\u00bb global_colors_info=\u00bb{}\u00bb][et_pb_text _builder_version=\u00bb4.16&#8243; _module_preset=\u00bbdefault\u00bb text_text_color=\u00bb#333333&#8243; text_font_size=\u00bb18px\u00bb custom_margin=\u00bb-12px|||||\u00bb custom_padding=\u00bb||0px|||\u00bb animation_style=\u00bbslide\u00bb animation_direction=\u00bbbottom\u00bb text_font_size_tablet=\u00bb\u00bb text_font_size_phone=\u00bb16px\u00bb text_font_size_last_edited=\u00bbon|desktop\u00bb global_colors_info=\u00bb{}\u00bb]<\/p>\n<p>Creemos en la necesidad del entrenamiento continuo de las y los artistas de las Artes Esc\u00e9nicas. Contamos con un ciclo de Workshops titulado \u00abMaestros Internacionales\u00bb. El ciclo (que se instrumenta anualmente) cumple con el objetivo de acercar a artistas consolidados o estudiantes avanzados de teatro u otras disciplinas de las artes esc\u00e9nicas, a diversas metodolog\u00edas, est\u00e9ticas y herramientas utilizadas por maestros de las artes esc\u00e9nicas en las m\u00e1s diversas disciplinas del mundo.<\/p>\n<p>A partir de estas propuestas buscamos diversidad y calidad para que artistas y estudiantes de m\u00faltiples escuelas de formaci\u00f3n puedan acceder a intensivos magistrales en nuestro pa\u00eds. Brindando la posibilidad de traer a Uruguay voces que forman parte de compa\u00f1\u00edas, teatros y productoras internacionales. De nuestro lado contamos con una fuerte convicci\u00f3n sobre lo que hacemos y el af\u00e1n de repetirlo a trav\u00e9s del tiempo, mejorando cada ciclo que viene siendo desarrollado desde hace ya cinco a\u00f1os.<\/p>\n<p>Entre los pa\u00edses de los que provienen los maestros que han viajado a Implosivo Artes Esc\u00e9nicas podemos destacar: Argentina, Brasil, Colombia, M\u00e9xico, Espa\u00f1a, Italia, Alemania, entre otros.<\/p>\n<p><span class=\"color_11\">\u00a0<\/span><\/p>\n<p><span style=\"font-weight: 400;\">\u00a0<\/span><\/p>\n<p>&nbsp;<\/p>\n<p>[\/et_pb_text][\/et_pb_column][\/et_pb_row][\/et_pb_section][et_pb_section fb_built=\u00bb1&#8243; disabled_on=\u00bboff|off|off\u00bb module_id=\u00bb#iconSocial\u00bb _builder_version=\u00bb4.16&#8243; _module_preset=\u00bbdefault\u00bb custom_css_main_element=\u00bbposition:fixed;||width:auto;||top:300px;||left: 0;||background-color:transparent;||z-index:9999999999;\u00bb collapsed=\u00bbon\u00bb global_colors_info=\u00bb{}\u00bb custom_css_main_element_last_edited=\u00bbon|phone\u00bb custom_css_main_element_tablet=\u00bbposition:fixed;||width:auto;||top:200px;||left:5px;||background-color:transparent;||z-index:9999999999;\u00bb custom_css_main_element_phone=\u00bbposition:fixed;||width:auto;||top:200px;||left:5px;||background-color:transparent;||z-index:9999999999;\u00bb][et_pb_row column_structure=\u00bb1_2,1_2&#8243; use_custom_gutter=\u00bbon\u00bb gutter_width=\u00bb1&#8243; _builder_version=\u00bb4.16&#8243; _module_preset=\u00bbdefault\u00bb width_tablet=\u00bb50%\u00bb width_phone=\u00bb50%\u00bb width_last_edited=\u00bbon|tablet\u00bb module_alignment=\u00bbright\u00bb custom_margin_tablet=\u00bb\u00bb custom_margin_phone=\u00bb||||false|false\u00bb custom_margin_last_edited=\u00bbon|phone\u00bb custom_padding=\u00bb|||3px|false|false\u00bb module_alignment_tablet=\u00bbcenter\u00bb module_alignment_phone=\u00bbleft\u00bb module_alignment_last_edited=\u00bbon|phone\u00bb global_colors_info=\u00bb{}\u00bb][et_pb_column type=\u00bb1_2&#8243; _builder_version=\u00bb4.16&#8243; _module_preset=\u00bbdefault\u00bb custom_padding_tablet=\u00bb\u00bb custom_padding_phone=\u00bb0px||||false|false\u00bb custom_padding_last_edited=\u00bbon|phone\u00bb global_colors_info=\u00bb{}\u00bb][et_pb_social_media_follow _builder_version=\u00bb4.16&#8243; _module_preset=\u00bbdefault\u00bb global_colors_info=\u00bb{}\u00bb][et_pb_social_media_follow_network social_network=\u00bbgoogle-plus\u00bb url=\u00bbhttps:\/\/wa.me\/59891807822?text=Hola%20me%20interesa%20recibir%20info%20sobre%20la%20carrera\u00bb use_icon_font_size=\u00bbon\u00bb icon_font_size_tablet=\u00bb\u00bb icon_font_size_phone=\u00bb14px\u00bb icon_font_size_last_edited=\u00bbon|phone\u00bb _builder_version=\u00bb4.16&#8243; _module_preset=\u00bbdefault\u00bb background_color=\u00bb#25d366&#8243; background_enable_color=\u00bbon\u00bb global_colors_info=\u00bb{}\u00bb follow_button=\u00bboff\u00bb url_new_window=\u00bbon\u00bb]google-plus[\/et_pb_social_media_follow_network][et_pb_social_media_follow_network social_network=\u00bbinstagram\u00bb url=\u00bbhttps:\/\/www.instagram.com\/implosivo.uy\/\u00bb use_icon_font_size=\u00bbon\u00bb icon_font_size_tablet=\u00bb\u00bb icon_font_size_phone=\u00bb14px\u00bb icon_font_size_last_edited=\u00bbon|phone\u00bb _builder_version=\u00bb4.16&#8243; _module_preset=\u00bbdefault\u00bb background_color=\u00bb#ea2c59&#8243; custom_margin=\u00bb5px||||false|false\u00bb global_colors_info=\u00bb{}\u00bb follow_button=\u00bboff\u00bb url_new_window=\u00bbon\u00bb]instagram[\/et_pb_social_media_follow_network][\/et_pb_social_media_follow][et_pb_social_media_follow _builder_version=\u00bb4.16&#8243; _module_preset=\u00bbdefault\u00bb custom_margin=\u00bb0px||||false|false\u00bb custom_margin_tablet=\u00bb5px||||false|false\u00bb custom_margin_phone=\u00bb\u00bb custom_margin_last_edited=\u00bbon|phone\u00bb global_colors_info=\u00bb{}\u00bb][et_pb_social_media_follow_network social_network=\u00bbfacebook\u00bb url=\u00bbhttps:\/\/www.facebook.com\/implosivo\u00bb use_icon_font_size=\u00bbon\u00bb icon_font_size_tablet=\u00bb\u00bb icon_font_size_phone=\u00bb14px\u00bb icon_font_size_last_edited=\u00bbon|phone\u00bb _builder_version=\u00bb4.16&#8243; _module_preset=\u00bbdefault\u00bb background_color=\u00bb#3b5998&#8243; custom_margin=\u00bb5px||||false|false\u00bb global_colors_info=\u00bb{}\u00bb follow_button=\u00bboff\u00bb url_new_window=\u00bbon\u00bb]facebook[\/et_pb_social_media_follow_network][et_pb_social_media_follow_network social_network=\u00bbyoutube\u00bb url=\u00bbhttps:\/\/www.youtube.com\/channel\/UCGvo7xXVqnkuaVcPXxZPZBQ\u00bb use_icon_font_size=\u00bbon\u00bb icon_font_size_tablet=\u00bb\u00bb icon_font_size_phone=\u00bb14px\u00bb icon_font_size_last_edited=\u00bbon|phone\u00bb _builder_version=\u00bb4.16&#8243; _module_preset=\u00bbdefault\u00bb background_color=\u00bb#a82400&#8243; custom_margin=\u00bb5px||||false|false\u00bb global_colors_info=\u00bb{}\u00bb follow_button=\u00bboff\u00bb url_new_window=\u00bbon\u00bb]youtube[\/et_pb_social_media_follow_network][\/et_pb_social_media_follow][et_pb_social_media_follow use_icon_font_size=\u00bbon\u00bb icon_font_size_tablet=\u00bb\u00bb icon_font_size_phone=\u00bb14px\u00bb icon_font_size_last_edited=\u00bbon|phone\u00bb _builder_version=\u00bb4.16&#8243; _module_preset=\u00bbdefault\u00bb custom_margin_tablet=\u00bb5px||||false|false\u00bb custom_margin_phone=\u00bb5px||||false|false\u00bb custom_margin_last_edited=\u00bbon|tablet\u00bb global_colors_info=\u00bb{}\u00bb][et_pb_social_media_follow_network social_network=\u00bbtwitter\u00bb url=\u00bbhttps:\/\/twitter.com\/ImplosivoTeatro\u00bb use_icon_font_size=\u00bbon\u00bb _builder_version=\u00bb4.22.2&#8243; _module_preset=\u00bbdefault\u00bb background_color=\u00bb#000000&#8243; custom_margin=\u00bb5px||||false|false\u00bb global_colors_info=\u00bb{}\u00bb follow_button=\u00bboff\u00bb url_new_window=\u00bbon\u00bb]twitter[\/et_pb_social_media_follow_network][\/et_pb_social_media_follow][et_pb_code _builder_version=\u00bb4.16&#8243; _module_preset=\u00bbdefault\u00bb global_colors_info=\u00bb{}\u00bb]<script><!-- [et_pb_line_break_holder] -->jQuery(document).ready(function($){<!-- [et_pb_line_break_holder] -->$('.et-social-google-plus a').attr('title','Esperamos tu consulta por WhatsApp');<!-- [et_pb_line_break_holder] -->});<!-- [et_pb_line_break_holder] --><\/script>[\/et_pb_code][\/et_pb_column][et_pb_column type=\u00bb1_2&#8243; _builder_version=\u00bb4.16&#8243; _module_preset=\u00bbdefault\u00bb global_colors_info=\u00bb{}\u00bb][\/et_pb_column][\/et_pb_row][\/et_pb_section][et_pb_section fb_built=\u00bb1&#8243; _builder_version=\u00bb4.16&#8243; _module_preset=\u00bbdefault\u00bb background_color=\u00bb#333333&#8243; custom_margin=\u00bb0px||||false|false\u00bb custom_padding=\u00bb1px||0px||false|false\u00bb collapsed=\u00bbon\u00bb global_colors_info=\u00bb{}\u00bb][et_pb_row column_structure=\u00bb1_3,1_3,1_3&#8243; _builder_version=\u00bb4.16&#8243; _module_preset=\u00bbdefault\u00bb custom_margin=\u00bb|auto||auto|false|false\u00bb custom_padding=\u00bb||2px|||\u00bb global_colors_info=\u00bb{}\u00bb][et_pb_column type=\u00bb1_3&#8243; _builder_version=\u00bb4.16&#8243; _module_preset=\u00bbdefault\u00bb global_colors_info=\u00bb{}\u00bb][et_pb_social_media_follow icon_color=\u00bb#dcdfe0&#8243; use_icon_font_size=\u00bbon\u00bb icon_font_size=\u00bb24px\u00bb disabled_on=\u00bbon|on|off\u00bb module_id=\u00bbredesFooter\u00bb _builder_version=\u00bb4.16&#8243; _module_preset=\u00bbdefault\u00bb custom_margin=\u00bb25%|||25%|false|false\u00bb custom_margin_tablet=\u00bb10%|||30%|false|false\u00bb custom_margin_phone=\u00bb|||20%|false|false\u00bb custom_margin_last_edited=\u00bbon|phone\u00bb global_colors_info=\u00bb{}\u00bb][et_pb_social_media_follow_network social_network=\u00bbinstagram\u00bb url=\u00bbhttps:\/\/www.instagram.com\/implosivo.uy\/\u00bb icon_color=\u00bb#dcdfe0&#8243; use_icon_font_size=\u00bbon\u00bb icon_font_size=\u00bb23px\u00bb _builder_version=\u00bb4.16&#8243; _module_preset=\u00bbdefault\u00bb background_enable_color=\u00bboff\u00bb custom_padding=\u00bb|0px||0px|false|false\u00bb overflow-y_tablet=\u00bb\u00bb overflow-y_phone=\u00bb\u00bb overflow-y_last_edited=\u00bbon|phone\u00bb custom_css_main_element=\u00bba.icon:before { font-family: &#8216;Font Awesome 5 Brands&#8217; !important ;||  content: %22%92f16d%22;||  font-size: 20px !important;||}\u00bb global_colors_info=\u00bb{}\u00bb follow_button=\u00bboff\u00bb url_new_window=\u00bbon\u00bb]instagram[\/et_pb_social_media_follow_network][et_pb_social_media_follow_network social_network=\u00bbfacebook\u00bb url=\u00bbhttps:\/\/www.facebook.com\/implosivo\u00bb icon_color=\u00bb#dcdfe0&#8243; use_icon_font_size=\u00bbon\u00bb icon_font_size=\u00bb23px\u00bb _builder_version=\u00bb4.16&#8243; _module_preset=\u00bbdefault\u00bb background_enable_color=\u00bboff\u00bb custom_padding=\u00bb|0px||0px|false|false\u00bb overflow-y_tablet=\u00bb\u00bb overflow-y_phone=\u00bb\u00bb overflow-y_last_edited=\u00bbon|phone\u00bb global_colors_info=\u00bb{}\u00bb follow_button=\u00bboff\u00bb url_new_window=\u00bbon\u00bb]facebook[\/et_pb_social_media_follow_network][et_pb_social_media_follow_network social_network=\u00bbyoutube\u00bb url=\u00bbhttps:\/\/www.youtube.com\/channel\/UCGvo7xXVqnkuaVcPXxZPZBQ\u00bb icon_color=\u00bb#dcdfe0&#8243; use_icon_font_size=\u00bbon\u00bb icon_font_size=\u00bb23px\u00bb _builder_version=\u00bb4.16&#8243; _module_preset=\u00bbdefault\u00bb background_color=\u00bb#a82400&#8243; background_enable_color=\u00bboff\u00bb custom_padding=\u00bb|0px||0px|false|false\u00bb overflow-y_tablet=\u00bb\u00bb overflow-y_phone=\u00bb\u00bb overflow-y_last_edited=\u00bbon|phone\u00bb global_colors_info=\u00bb{}\u00bb follow_button=\u00bboff\u00bb url_new_window=\u00bbon\u00bb]youtube[\/et_pb_social_media_follow_network][et_pb_social_media_follow_network social_network=\u00bbtwitter\u00bb url=\u00bbhttps:\/\/twitter.com\/ImplosivoTeatro\u00bb icon_color=\u00bb#dcdfe0&#8243; use_icon_font_size=\u00bbon\u00bb icon_font_size=\u00bb23px\u00bb _builder_version=\u00bb4.22.2&#8243; _module_preset=\u00bbdefault\u00bb background_color=\u00bb#000000&#8243; background_enable_color=\u00bboff\u00bb custom_padding=\u00bb|0px||0px|false|false\u00bb overflow-y_tablet=\u00bb\u00bb overflow-y_phone=\u00bb\u00bb overflow-y_last_edited=\u00bbon|phone\u00bb global_colors_info=\u00bb{}\u00bb follow_button=\u00bboff\u00bb url_new_window=\u00bbon\u00bb]twitter[\/et_pb_social_media_follow_network][\/et_pb_social_media_follow][\/et_pb_column][et_pb_column type=\u00bb1_3&#8243; _builder_version=\u00bb4.16&#8243; _module_preset=\u00bbdefault\u00bb global_colors_info=\u00bb{}\u00bb][et_pb_image src=\u00bbhttp:\/\/implosivo.uy\/wp-content\/uploads\/2021\/10\/logo-implosivo-blanco.png\u00bb title_text=\u00bblogo implosivo blanco\u00bb _builder_version=\u00bb4.16&#8243; _module_preset=\u00bbdefault\u00bb width_tablet=\u00bb60%\u00bb width_phone=\u00bb100%\u00bb width_last_edited=\u00bbon|tablet\u00bb custom_margin_tablet=\u00bb|||20%|false|false\u00bb custom_margin_phone=\u00bb|||0%|false|false\u00bb custom_margin_last_edited=\u00bbon|tablet\u00bb global_colors_info=\u00bb{}\u00bb][\/et_pb_image][\/et_pb_column][et_pb_column type=\u00bb1_3&#8243; _builder_version=\u00bb4.16&#8243; _module_preset=\u00bbdefault\u00bb global_colors_info=\u00bb{}\u00bb][et_pb_text _builder_version=\u00bb4.23&#8243; _module_preset=\u00bbdefault\u00bb text_text_color=\u00bb#dcdfe0&#8243; text_font_size=\u00bb12px\u00bb text_letter_spacing=\u00bb1px\u00bb text_orientation=\u00bbcenter\u00bb custom_margin=\u00bb25%||||false|false\u00bb custom_margin_tablet=\u00bb20px||||false|false\u00bb custom_margin_phone=\u00bb\u00bb custom_margin_last_edited=\u00bbon|tablet\u00bb text_font_size_tablet=\u00bb\u00bb text_font_size_phone=\u00bb11px\u00bb text_font_size_last_edited=\u00bbon|desktop\u00bb global_colors_info=\u00bb{}\u00bb]<\/p>\n<p>\u00a9 <span class=\"color_12\">2024<\/span><span class=\"color_12\"> by Implosivo<br \/><\/span><\/p>\n<p><span class=\"color_12\">Todos los derechos reservados<\/span><\/p>\n<p>[\/et_pb_text][et_pb_image src=\u00bbhttp:\/\/implosivo.uy\/wp-content\/uploads\/2021\/11\/logoBrujulaSolaBlancaChica.png\u00bb title_text=\u00bblogoBrujulaSolaBlancaChica\u00bb url=\u00bbhttps:\/\/gomfolio.com\/\u00bb url_new_window=\u00bbon\u00bb align=\u00bbcenter\u00bb _builder_version=\u00bb4.16&#8243; _module_preset=\u00bbdefault\u00bb global_colors_info=\u00bb{}\u00bb][\/et_pb_image][et_pb_text _builder_version=\u00bb4.16&#8243; _module_preset=\u00bbdefault\u00bb text_font=\u00bb|300|||||||\u00bb text_text_color=\u00bb#dcdfe0&#8243; text_font_size=\u00bb10px\u00bb text_letter_spacing=\u00bb1px\u00bb background_enable_image=\u00bboff\u00bb text_orientation=\u00bbcenter\u00bb custom_margin=\u00bb-8%||20px||false|false\u00bb custom_margin_tablet=\u00bb-5%||10px||false|false\u00bb custom_margin_phone=\u00bb-7%||10px||false|false\u00bb custom_margin_last_edited=\u00bbon|desktop\u00bb text_font_size_tablet=\u00bb\u00bb text_font_size_phone=\u00bb9px\u00bb text_font_size_last_edited=\u00bbon|phone\u00bb global_colors_info=\u00bb{}\u00bb]<\/p>\n<p>desarrollo<\/p>\n<p>[\/et_pb_text][\/et_pb_column][\/et_pb_row][\/et_pb_section]<\/p>\n","protected":false},"excerpt":{"rendered":"<p>Workshops Maestros InternacionalesCreemos en la necesidad del entrenamiento continuo de las y los artistas de las Artes Esc\u00e9nicas. Contamos con un ciclo de Workshops titulado \u00abMaestros Internacionales\u00bb. El ciclo (que se instrumenta anualmente) cumple con el objetivo de acercar a artistas consolidados o estudiantes avanzados de teatro u otras disciplinas de las artes esc\u00e9nicas, a [&hellip;]<\/p>\n","protected":false},"author":1,"featured_media":0,"parent":41,"menu_order":0,"comment_status":"closed","ping_status":"closed","template":"","meta":{"_et_pb_use_builder":"on","_et_pb_old_content":"","_et_gb_content_width":"","footnotes":""},"categories":[15],"tags":[39,40],"class_list":["post-2804","page","type-page","status-publish","hentry","category-formacion","tag-formacion","tag-workshop"],"yoast_head":"<!-- This site is optimized with the Yoast SEO plugin v26.8 - https:\/\/yoast.com\/product\/yoast-seo-wordpress\/ -->\n<title>workshops - Implosivo Instituto de Actuaci\u00f3n<\/title>\n<meta name=\"robots\" content=\"index, follow, max-snippet:-1, max-image-preview:large, max-video-preview:-1\" \/>\n<link rel=\"canonical\" href=\"https:\/\/implosivo.uy\/home\/home\/workshops\/\" \/>\n<meta property=\"og:locale\" content=\"es_ES\" \/>\n<meta property=\"og:type\" content=\"article\" \/>\n<meta property=\"og:title\" content=\"workshops - Implosivo Instituto de Actuaci\u00f3n\" \/>\n<meta property=\"og:description\" content=\"Workshops Maestros InternacionalesCreemos en la necesidad del entrenamiento continuo de las y los artistas de las Artes Esc\u00e9nicas. Contamos con un ciclo de Workshops titulado &quot;Maestros Internacionales&quot;. El ciclo (que se instrumenta anualmente) cumple con el objetivo de acercar a artistas consolidados o estudiantes avanzados de teatro u otras disciplinas de las artes esc\u00e9nicas, a [&hellip;]\" \/>\n<meta property=\"og:url\" content=\"https:\/\/implosivo.uy\/home\/home\/workshops\/\" \/>\n<meta property=\"og:site_name\" content=\"Implosivo Instituto de Actuaci\u00f3n\" \/>\n<meta property=\"article:publisher\" content=\"https:\/\/www.facebook.com\/implosivo\" \/>\n<meta property=\"article:modified_time\" content=\"2025-02-04T20:30:32+00:00\" \/>\n<meta property=\"og:image\" content=\"https:\/\/i0.wp.com\/implosivo.uy\/wp-content\/uploads\/2021\/10\/logo-implosivo-blanco.png?fit=2480%2C1461&ssl=1\" \/>\n\t<meta property=\"og:image:width\" content=\"2480\" \/>\n\t<meta property=\"og:image:height\" content=\"1461\" \/>\n\t<meta property=\"og:image:type\" content=\"image\/png\" \/>\n<meta name=\"twitter:card\" content=\"summary_large_image\" \/>\n<meta name=\"twitter:site\" content=\"@ImplosivoTeatro\" \/>\n<script type=\"application\/ld+json\" class=\"yoast-schema-graph\">{\"@context\":\"https:\/\/schema.org\",\"@graph\":[{\"@type\":\"WebPage\",\"@id\":\"https:\/\/implosivo.uy\/home\/home\/workshops\/\",\"url\":\"https:\/\/implosivo.uy\/home\/home\/workshops\/\",\"name\":\"workshops - Implosivo Instituto de Actuaci\u00f3n\",\"isPartOf\":{\"@id\":\"https:\/\/implosivo.uy\/home\/#website\"},\"datePublished\":\"2021-11-30T02:46:03+00:00\",\"dateModified\":\"2025-02-04T20:30:32+00:00\",\"breadcrumb\":{\"@id\":\"https:\/\/implosivo.uy\/home\/home\/workshops\/#breadcrumb\"},\"inLanguage\":\"es\",\"potentialAction\":[{\"@type\":\"ReadAction\",\"target\":[\"https:\/\/implosivo.uy\/home\/home\/workshops\/\"]}]},{\"@type\":\"BreadcrumbList\",\"@id\":\"https:\/\/implosivo.uy\/home\/home\/workshops\/#breadcrumb\",\"itemListElement\":[{\"@type\":\"ListItem\",\"position\":1,\"name\":\"Portada\",\"item\":\"https:\/\/implosivo.uy\/home\/\"},{\"@type\":\"ListItem\",\"position\":2,\"name\":\"Home\",\"item\":\"https:\/\/implosivo.uy\/home\/\"},{\"@type\":\"ListItem\",\"position\":3,\"name\":\"workshops\"}]},{\"@type\":\"WebSite\",\"@id\":\"https:\/\/implosivo.uy\/home\/#website\",\"url\":\"https:\/\/implosivo.uy\/home\/\",\"name\":\"Implosivo Escuela de Teatro Profesional\",\"description\":\"Escuela de teatro - formaci\u00f3n de actores\",\"publisher\":{\"@id\":\"https:\/\/implosivo.uy\/home\/#organization\"},\"potentialAction\":[{\"@type\":\"SearchAction\",\"target\":{\"@type\":\"EntryPoint\",\"urlTemplate\":\"https:\/\/implosivo.uy\/home\/?s={search_term_string}\"},\"query-input\":{\"@type\":\"PropertyValueSpecification\",\"valueRequired\":true,\"valueName\":\"search_term_string\"}}],\"inLanguage\":\"es\"},{\"@type\":\"Organization\",\"@id\":\"https:\/\/implosivo.uy\/home\/#organization\",\"name\":\"Implosivo Escuela de Teatro Profesional\",\"url\":\"https:\/\/implosivo.uy\/home\/\",\"logo\":{\"@type\":\"ImageObject\",\"inLanguage\":\"es\",\"@id\":\"https:\/\/implosivo.uy\/home\/#\/schema\/logo\/image\/\",\"url\":\"https:\/\/i0.wp.com\/implosivo.uy\/wp-content\/uploads\/2022\/01\/cropped-LOGO-IMPLOSIVO-Chico.png?fit=512%2C512&ssl=1\",\"contentUrl\":\"https:\/\/i0.wp.com\/implosivo.uy\/wp-content\/uploads\/2022\/01\/cropped-LOGO-IMPLOSIVO-Chico.png?fit=512%2C512&ssl=1\",\"width\":512,\"height\":512,\"caption\":\"Implosivo Escuela de Teatro Profesional\"},\"image\":{\"@id\":\"https:\/\/implosivo.uy\/home\/#\/schema\/logo\/image\/\"},\"sameAs\":[\"https:\/\/www.facebook.com\/implosivo\",\"https:\/\/x.com\/ImplosivoTeatro\",\"https:\/\/www.instagram.com\/implosivo.uy\/\",\"https:\/\/www.youtube.com\/channel\/UCGvo7xXVqnkuaVcPXxZPZBQ\"]}]}<\/script>\n<!-- \/ Yoast SEO plugin. -->","yoast_head_json":{"title":"workshops - Implosivo Instituto de Actuaci\u00f3n","robots":{"index":"index","follow":"follow","max-snippet":"max-snippet:-1","max-image-preview":"max-image-preview:large","max-video-preview":"max-video-preview:-1"},"canonical":"https:\/\/implosivo.uy\/home\/home\/workshops\/","og_locale":"es_ES","og_type":"article","og_title":"workshops - Implosivo Instituto de Actuaci\u00f3n","og_description":"Workshops Maestros InternacionalesCreemos en la necesidad del entrenamiento continuo de las y los artistas de las Artes Esc\u00e9nicas. Contamos con un ciclo de Workshops titulado \"Maestros Internacionales\". El ciclo (que se instrumenta anualmente) cumple con el objetivo de acercar a artistas consolidados o estudiantes avanzados de teatro u otras disciplinas de las artes esc\u00e9nicas, a [&hellip;]","og_url":"https:\/\/implosivo.uy\/home\/home\/workshops\/","og_site_name":"Implosivo Instituto de Actuaci\u00f3n","article_publisher":"https:\/\/www.facebook.com\/implosivo","article_modified_time":"2025-02-04T20:30:32+00:00","og_image":[{"width":2480,"height":1461,"url":"https:\/\/i0.wp.com\/implosivo.uy\/wp-content\/uploads\/2021\/10\/logo-implosivo-blanco.png?fit=2480%2C1461&ssl=1","type":"image\/png"}],"twitter_card":"summary_large_image","twitter_site":"@ImplosivoTeatro","schema":{"@context":"https:\/\/schema.org","@graph":[{"@type":"WebPage","@id":"https:\/\/implosivo.uy\/home\/home\/workshops\/","url":"https:\/\/implosivo.uy\/home\/home\/workshops\/","name":"workshops - Implosivo Instituto de Actuaci\u00f3n","isPartOf":{"@id":"https:\/\/implosivo.uy\/home\/#website"},"datePublished":"2021-11-30T02:46:03+00:00","dateModified":"2025-02-04T20:30:32+00:00","breadcrumb":{"@id":"https:\/\/implosivo.uy\/home\/home\/workshops\/#breadcrumb"},"inLanguage":"es","potentialAction":[{"@type":"ReadAction","target":["https:\/\/implosivo.uy\/home\/home\/workshops\/"]}]},{"@type":"BreadcrumbList","@id":"https:\/\/implosivo.uy\/home\/home\/workshops\/#breadcrumb","itemListElement":[{"@type":"ListItem","position":1,"name":"Portada","item":"https:\/\/implosivo.uy\/home\/"},{"@type":"ListItem","position":2,"name":"Home","item":"https:\/\/implosivo.uy\/home\/"},{"@type":"ListItem","position":3,"name":"workshops"}]},{"@type":"WebSite","@id":"https:\/\/implosivo.uy\/home\/#website","url":"https:\/\/implosivo.uy\/home\/","name":"Implosivo Escuela de Teatro Profesional","description":"Escuela de teatro - formaci\u00f3n de actores","publisher":{"@id":"https:\/\/implosivo.uy\/home\/#organization"},"potentialAction":[{"@type":"SearchAction","target":{"@type":"EntryPoint","urlTemplate":"https:\/\/implosivo.uy\/home\/?s={search_term_string}"},"query-input":{"@type":"PropertyValueSpecification","valueRequired":true,"valueName":"search_term_string"}}],"inLanguage":"es"},{"@type":"Organization","@id":"https:\/\/implosivo.uy\/home\/#organization","name":"Implosivo Escuela de Teatro Profesional","url":"https:\/\/implosivo.uy\/home\/","logo":{"@type":"ImageObject","inLanguage":"es","@id":"https:\/\/implosivo.uy\/home\/#\/schema\/logo\/image\/","url":"https:\/\/i0.wp.com\/implosivo.uy\/wp-content\/uploads\/2022\/01\/cropped-LOGO-IMPLOSIVO-Chico.png?fit=512%2C512&ssl=1","contentUrl":"https:\/\/i0.wp.com\/implosivo.uy\/wp-content\/uploads\/2022\/01\/cropped-LOGO-IMPLOSIVO-Chico.png?fit=512%2C512&ssl=1","width":512,"height":512,"caption":"Implosivo Escuela de Teatro Profesional"},"image":{"@id":"https:\/\/implosivo.uy\/home\/#\/schema\/logo\/image\/"},"sameAs":["https:\/\/www.facebook.com\/implosivo","https:\/\/x.com\/ImplosivoTeatro","https:\/\/www.instagram.com\/implosivo.uy\/","https:\/\/www.youtube.com\/channel\/UCGvo7xXVqnkuaVcPXxZPZBQ"]}]}},"jetpack_sharing_enabled":false,"_links":{"self":[{"href":"https:\/\/implosivo.uy\/home\/wp-json\/wp\/v2\/pages\/2804","targetHints":{"allow":["GET"]}}],"collection":[{"href":"https:\/\/implosivo.uy\/home\/wp-json\/wp\/v2\/pages"}],"about":[{"href":"https:\/\/implosivo.uy\/home\/wp-json\/wp\/v2\/types\/page"}],"author":[{"embeddable":true,"href":"https:\/\/implosivo.uy\/home\/wp-json\/wp\/v2\/users\/1"}],"replies":[{"embeddable":true,"href":"https:\/\/implosivo.uy\/home\/wp-json\/wp\/v2\/comments?post=2804"}],"version-history":[{"count":1,"href":"https:\/\/implosivo.uy\/home\/wp-json\/wp\/v2\/pages\/2804\/revisions"}],"predecessor-version":[{"id":5873,"href":"https:\/\/implosivo.uy\/home\/wp-json\/wp\/v2\/pages\/2804\/revisions\/5873"}],"up":[{"embeddable":true,"href":"https:\/\/implosivo.uy\/home\/wp-json\/wp\/v2\/pages\/41"}],"wp:attachment":[{"href":"https:\/\/implosivo.uy\/home\/wp-json\/wp\/v2\/media?parent=2804"}],"wp:term":[{"taxonomy":"category","embeddable":true,"href":"https:\/\/implosivo.uy\/home\/wp-json\/wp\/v2\/categories?post=2804"},{"taxonomy":"post_tag","embeddable":true,"href":"https:\/\/implosivo.uy\/home\/wp-json\/wp\/v2\/tags?post=2804"}],"curies":[{"name":"wp","href":"https:\/\/api.w.org\/{rel}","templated":true}]}}